 {"id":14425,"date":"2019-07-23T00:03:27","date_gmt":"2019-07-23T03:03:27","guid":{"rendered":"https:\/\/www.glaciareschilenos.org\/?page_id=14425"},"modified":"2024-01-24T19:23:30","modified_gmt":"2024-01-24T22:23:30","slug":"why-is-glacier-ice-blue","status":"publish","type":"page","link":"https:\/\/www.glaciareschilenos.org\/en\/why-is-glacier-ice-blue\/","title":{"rendered":"\u00bfWhy is glacier ice blue?"},"content":{"rendered":"<p>[et_pb_section fb_built=&#8221;1&#8243; _builder_version=&#8221;4.16&#8243; global_colors_info=&#8221;{}&#8221;][et_pb_row column_structure=&#8221;1_3,1_3,1_3&#8243; _builder_version=&#8221;4.16&#8243; global_colors_info=&#8221;{}&#8221;][et_pb_column type=&#8221;1_3&#8243; _builder_version=&#8221;4.16&#8243; global_colors_info=&#8221;{}&#8221;][\/et_pb_column][et_pb_column type=&#8221;1_3&#8243; _builder_version=&#8221;4.16&#8243; global_colors_info=&#8221;{}&#8221;][et_pb_button button_url=&#8221;https:\/\/www.glaciareschilenos.org\/faq\/&#8221; button_text=&#8221;PREGUNTAS GLACIARES&#8221; button_alignment=&#8221;center&#8221; _builder_version=&#8221;4.16&#8243; custom_button=&#8221;on&#8221; button_text_size=&#8221;20px&#8221; button_font=&#8221;|700|||||||&#8221; button_use_icon=&#8221;off&#8221; global_colors_info=&#8221;{}&#8221;][\/et_pb_button][\/et_pb_column][et_pb_column type=&#8221;1_3&#8243; _builder_version=&#8221;4.16&#8243; global_colors_info=&#8221;{}&#8221;][\/et_pb_column][\/et_pb_row][et_pb_row _builder_version=&#8221;4.16&#8243; global_colors_info=&#8221;{}&#8221;][et_pb_column type=&#8221;4_4&#8243; _builder_version=&#8221;4.16&#8243; global_colors_info=&#8221;{}&#8221;][et_pb_text _builder_version=&#8221;4.24.0&#8243; _module_preset=&#8221;default&#8221; hover_enabled=&#8221;0&#8243; sticky_enabled=&#8221;0&#8243;]<\/p>\n<h2 style=\"text-align: center;\"><b>Why is glacier ice blue?<\/b><\/h2>\n<p>&nbsp;<\/p>\n<p>Glacier ice appears blue to us for the same reason that the ocean appears to be blue. The wavelengths of the visible spectrum of light that are reds and greens (500-740 nm) are preferentially absorbed by water and ice while the shorter wavelengths of the visible spectrum (the blues and purples, 380-500 nm) are typically reflected and are visible to the human eye <sup>1<\/sup>. The longer the light travels into the object, the more blue it will appear, which also why we do not perceive this effect when we put an ice cube in our soda.<\/p>\n<p>&nbsp;<\/p>\n<p>Cited information:<\/p>\n<p><sup>1<\/sup> Benn, D. I., Evans, D. J. A. (2010) Glaciers and Glaciation. Hodder Education (<a href=\"https:\/\/books.google.cl\/books\/about\/Glaciers_and_Glaciation.html?id=c0xNAQAAIAAJ&amp;redir_esc=y\">https:\/\/books.google.cl\/books\/about\/Glaciers_and_Glaciation.html?id=c0xNAQAAIAAJ&amp;redir_esc=y<\/a>)<\/p>\n<p style=\"text-align: right;\">\n<p style=\"text-align: right;\"><em>Written by Thomas Shaw.<\/em><br \/><em>Edited by Equipo Glaciar.<\/em><\/p>\n<p>[\/et_pb_text][\/et_pb_column][\/et_pb_row][et_pb_row column_structure=&#8221;1_3,1_3,1_3&#8243; _builder_version=&#8221;4.16&#8243; global_colors_info=&#8221;{}&#8221;][et_pb_column type=&#8221;1_3&#8243; _builder_version=&#8221;4.16&#8243; global_colors_info=&#8221;{}&#8221;][\/et_pb_column][et_pb_column type=&#8221;1_3&#8243; _builder_version=&#8221;4.16&#8243; global_colors_info=&#8221;{}&#8221;][et_pb_button button_url=&#8221;https:\/\/www.glaciareschilenos.org\/faq\/&#8221; button_text=&#8221;PREGUNTAS GLACIARES&#8221; button_alignment=&#8221;center&#8221; _builder_version=&#8221;4.16&#8243; custom_button=&#8221;on&#8221; button_text_size=&#8221;20px&#8221; button_font=&#8221;|700|||||||&#8221; button_use_icon=&#8221;off&#8221; global_colors_info=&#8221;{}&#8221;][\/et_pb_button][\/et_pb_column][et_pb_column type=&#8221;1_3&#8243; _builder_version=&#8221;4.16&#8243; global_colors_info=&#8221;{}&#8221;][\/et_pb_column][\/et_pb_row][\/et_pb_section]<\/p>\n","protected":false},"excerpt":{"rendered":"<p>Why is glacier ice blue? &nbsp; Glacier ice appears blue to us for the same reason that the ocean appears to be blue. The wavelengths of the visible spectrum of light that are reds and greens (500-740 nm) are preferentially absorbed by water and ice while the shorter wavelengths of the visible spectrum (the blues [&hellip;]<\/p>\n","protected":false},"author":2,"featured_media":0,"parent":0,"menu_order":0,"comment_status":"closed","ping_status":"closed","template":"","meta":{"googlesitekit_rrm_CAow57LVCw:productID":"","_et_pb_use_builder":"on","_et_pb_old_content":"<p>[et_pb_section fb_built=\"1\" _builder_version=\"3.26.3\"][et_pb_row column_structure=\"1_3,1_3,1_3\" _builder_version=\"4.4.2\"][et_pb_column type=\"1_3\" _builder_version=\"4.4.2\"][et_pb_button button_url=\"https:\/\/www.glaciareschilenos.org\/que-tipos-de-glaciares-existen-en-chile\/\" button_text=\"Anterior\" button_alignment=\"left\" _builder_version=\"4.4.3\" custom_button=\"on\" button_text_size=\"12px\" button_border_width=\"2px\" button_icon=\"%%23%%\" button_icon_color=\"#ffffff\" button_icon_placement=\"left\" button_on_hover=\"off\"][\/et_pb_button][\/et_pb_column][et_pb_column type=\"1_3\" _builder_version=\"4.4.2\"][et_pb_button button_url=\"https:\/\/www.glaciareschilenos.org\/faq\/\" button_text=\"PREGUNTAS GLACIARES\" button_alignment=\"center\" _builder_version=\"4.7.0\" custom_button=\"on\" button_text_size=\"20px\" button_font=\"|700|||||||\" button_use_icon=\"off\" hover_enabled=\"0\" sticky_enabled=\"0\"][\/et_pb_button][\/et_pb_column][et_pb_column type=\"1_3\" _builder_version=\"4.4.2\"][et_pb_button button_url=\"https:\/\/www.glaciareschilenos.org\/que-impactos-puede-tener-la-visita-turistica-a-un-glaciar\/\" button_text=\"Siguiente\" button_alignment=\"right\" _builder_version=\"4.4.3\" custom_button=\"on\" button_text_size=\"12px\" button_border_width=\"2px\" button_icon=\"%%24%%\" button_icon_color=\"#ffffff\" button_icon_placement=\"left\" button_on_hover=\"off\"][\/et_pb_button][\/et_pb_column][\/et_pb_row][et_pb_row _builder_version=\"3.26.3\"][et_pb_column type=\"4_4\" _builder_version=\"3.26.3\"][et_pb_tabs _builder_version=\"4.4.2\"][et_pb_tab title=\"Espa\u00f1ol\" _builder_version=\"4.4.2\"]<\/p><h2><strong>\u00bfPor qu\u00e9 el hielo glaciar es azul?<\/strong><\/h2><p>\u00a0<\/p><p>El hielo del glaciar nos parece azul por la misma raz\u00f3n que el oc\u00e9ano parece azul. Las longitudes de onda del espectro visible de la luz que son rojas y verdes (500-740 nm) son absorbidas preferentemente por el agua y el hielo, mientras que las longitudes de onda m\u00e1s cortas del espectro visible (azules y p\u00farpuras, 380-500 nm) se reflejan t\u00edpicamente y son visibles para el ojo humano <sup>1<\/sup>. Cuanto m\u00e1s tiempo viaja la luz en el objeto, m\u00e1s azul aparecer\u00e1, lo que tambi\u00e9n explica por qu\u00e9 no percibimos este efecto cuando colocamos un cubo de hielo en nuestra bebida.<\/p><p>\u00a0<\/p><p>Informaci\u00f3n citada:<\/p><p><sup>1<\/sup> Benn, D. I., Evans, D. J. A. (2010) Glaciers and Glaciation. Hodder Education (<a href=\"https:\/\/books.google.cl\/books\/about\/Glaciers_and_Glaciation.html?id=c0xNAQAAIAAJ&redir_esc=y\">https:\/\/books.google.cl\/books\/about\/Glaciers_and_Glaciation.html?id=c0xNAQAAIAAJ&redir_esc=y<\/a>)<\/p><p>\u00a0<\/p><p style=\"text-align: right;\"><em>Escrito por Thomas Shaw.<\/em><br \/><em>Editado por Equipo Glaciar.<\/em><\/p><p>[\/et_pb_tab][et_pb_tab title=\"English\" _builder_version=\"4.4.2\"]<\/p><h2><b>Why is glacier ice blue?<\/b><\/h2><p>\u00a0<\/p><p>Glacier ice appears blue to us for the same reason that the ocean appears to be blue. The wavelengths of the visible spectrum of light that are reds and greens (500-740 nm) are preferentially absorbed by water and ice while the shorter wavelengths of the visible spectrum (the blues and purples, 380-500 nm) are typically reflected and are visible to the human eye <sup>1<\/sup>. The longer the light travels into the object, the more blue it will appear, which also why we do not perceive this effect when we put an ice cube in our soda.<\/p><p>\u00a0<\/p><p>Cited information:<\/p><p><sup>1<\/sup> Benn, D. I., Evans, D. J. A. (2010) Glaciers and Glaciation. Hodder Education (<a href=\"https:\/\/books.google.cl\/books\/about\/Glaciers_and_Glaciation.html?id=c0xNAQAAIAAJ&redir_esc=y\">https:\/\/books.google.cl\/books\/about\/Glaciers_and_Glaciation.html?id=c0xNAQAAIAAJ&redir_esc=y<\/a>)<\/p><p>\u00a0<\/p><p style=\"text-align: right;\"><em>Written by Thomas Shaw.<\/em><br \/><em>Edited by Equipo Glaciar.<\/em><\/p><p>[\/et_pb_tab][\/et_pb_tabs][\/et_pb_column][\/et_pb_row][et_pb_row column_structure=\"1_3,1_3,1_3\" _builder_version=\"4.4.2\"][et_pb_column type=\"1_3\" _builder_version=\"4.4.2\"][et_pb_button button_url=\"https:\/\/www.glaciareschilenos.org\/que-tipos-de-glaciares-existen-en-chile\/\" button_text=\"Anterior\" button_alignment=\"left\" _builder_version=\"4.4.3\" custom_button=\"on\" button_text_size=\"12px\" button_border_width=\"2px\" button_icon=\"%%23%%\" button_icon_color=\"#ffffff\" button_icon_placement=\"left\" button_on_hover=\"off\"][\/et_pb_button][\/et_pb_column][et_pb_column type=\"1_3\" _builder_version=\"4.4.2\"][et_pb_button button_url=\"https:\/\/www.glaciareschilenos.org\/faq\/\" button_text=\"PREGUNTAS GLACIARES\" button_alignment=\"center\" _builder_version=\"4.7.0\" custom_button=\"on\" button_text_size=\"20px\" button_font=\"|700|||||||\" button_use_icon=\"off\" hover_enabled=\"0\" sticky_enabled=\"0\"][\/et_pb_button][\/et_pb_column][et_pb_column type=\"1_3\" _builder_version=\"4.4.2\"][et_pb_button button_url=\"https:\/\/www.glaciareschilenos.org\/que-impactos-puede-tener-la-visita-turistica-a-un-glaciar\/\" button_text=\"Siguiente\" button_alignment=\"right\" _builder_version=\"4.4.3\" custom_button=\"on\" button_text_size=\"12px\" button_border_width=\"2px\" button_icon=\"%%24%%\" button_icon_color=\"#ffffff\" button_icon_placement=\"left\" button_on_hover=\"off\"][\/et_pb_button][\/et_pb_column][\/et_pb_row][\/et_pb_section]<\/p>","_et_gb_content_width":"","footnotes":""},"coauthors":[3335],"class_list":["post-14425","page","type-page","status-publish","hentry"],"_links":{"self":[{"href":"https:\/\/www.glaciareschilenos.org\/en\/wp-json\/wp\/v2\/pages\/14425","targetHints":{"allow":["GET"]}}],"collection":[{"href":"https:\/\/www.glaciareschilenos.org\/en\/wp-json\/wp\/v2\/pages"}],"about":[{"href":"https:\/\/www.glaciareschilenos.org\/en\/wp-json\/wp\/v2\/types\/page"}],"author":[{"embeddable":true,"href":"https:\/\/www.glaciareschilenos.org\/en\/wp-json\/wp\/v2\/users\/2"}],"replies":[{"embeddable":true,"href":"https:\/\/www.glaciareschilenos.org\/en\/wp-json\/wp\/v2\/comments?post=14425"}],"version-history":[{"count":3,"href":"https:\/\/www.glaciareschilenos.org\/en\/wp-json\/wp\/v2\/pages\/14425\/revisions"}],"predecessor-version":[{"id":14428,"href":"https:\/\/www.glaciareschilenos.org\/en\/wp-json\/wp\/v2\/pages\/14425\/revisions\/14428"}],"wp:attachment":[{"href":"https:\/\/www.glaciareschilenos.org\/en\/wp-json\/wp\/v2\/media?parent=14425"}],"wp:term":[{"taxonomy":"author","embeddable":true,"href":"https:\/\/www.glaciareschilenos.org\/en\/wp-json\/wp\/v2\/coauthors?post=14425"}],"curies":[{"name":"wp","href":"https:\/\/api.w.org\/{rel}","templated":true}]}}